{"id":2937,"date":"2025-01-12T20:47:04","date_gmt":"2025-01-12T19:47:04","guid":{"rendered":"https:\/\/teamunitedshipping.hu\/product\/pulover-hoodie-turkiz-2024\/"},"modified":"2026-03-19T19:27:35","modified_gmt":"2026-03-19T18:27:35","slug":"pulover-hoodie-turkiz-2024","status":"publish","type":"product","link":"https:\/\/teamunitedshipping.hu\/hu\/termek\/pulover-hoodie-turkiz-2024\/","title":{"rendered":"Pul\u00f3ver: Out of the saddle"},"content":{"rendered":"","protected":false},"excerpt":{"rendered":"<p>A klasszikus utcai pul\u00f3ver\u00fcnk imm\u00e1r b\u00e1rki sz\u00e1m\u00e1ra el\u00e9rhet\u0151!<br \/>\nMentaz\u00f6ld sz\u00ednben, el\u00f6l \u00e9s h\u00e1tul a h\u00edrhedt CD-lemezes grafik\u00e1val. Meleg\u00edt, ahogy a csapat lelk\u00e9t is felmeleg\u00edtik a &#8222;sok sikert&#8221; kommentek.<br \/>\n80% pamut, 20% poli\u00e9szter, \u00e9s teljesen veg\u00e1n (b\u00e1r tov\u00e1bbra sem aj\u00e1nljuk fogyaszt\u00e1sra).  <\/p>\n","protected":false},"featured_media":2812,"template":"","meta":{"_acf_changed":false,"_uag_custom_page_level_css":"","site-sidebar-layout":"default","site-content-layout":"","ast-site-content-layout":"default","site-content-style":"default","site-sidebar-style":"default","ast-global-header-display":"","ast-banner-title-visibility":"","ast-main-header-display":"","ast-hfb-above-header-display":"","ast-hfb-below-header-display":"","ast-hfb-mobile-header-display":"","site-post-title":"","ast-breadcrumbs-content":"","ast-featured-img":"","footer-sml-layout":"","theme-transparent-header-meta":"default","adv-header-id-meta":"","stick-header-meta":"default","header-above-stick-meta":"","header-main-stick-meta":"","header-below-stick-meta":"","astra-migrate-meta-layouts":"default","ast-page-background-enabled":"default","ast-page-background-meta":{"desktop":{"background-color":"var(--ast-global-color-4)","background-image":"","background-repeat":"repeat","background-position":"center center","background-size":"auto","background-attachment":"scroll","background-type":"","background-media":"","overlay-type":"","overlay-color":"","overlay-opacity":"","overlay-gradient":""},"tablet":{"background-color":"","background-image":"","background-repeat":"repeat","background-position":"center center","background-size":"auto","background-attachment":"scroll","background-type":"","background-media":"","overlay-type":"","overlay-color":"","overlay-opacity":"","overlay-gradient":""},"mobile":{"background-color":"","background-image":"","background-repeat":"repeat","background-position":"center center","background-size":"auto","background-attachment":"scroll","background-type":"","background-media":"","overlay-type":"","overlay-color":"","overlay-opacity":"","overlay-gradient":""}},"ast-content-background-meta":{"desktop":{"background-color":"var(--ast-global-color-5)","background-image":"","background-repeat":"repeat","background-position":"center center","background-size":"auto","background-attachment":"scroll","background-type":"","background-media":"","overlay-type":"","overlay-color":"","overlay-opacity":"","overlay-gradient":""},"tablet":{"background-color":"var(--ast-global-color-5)","background-image":"","background-repeat":"repeat","background-position":"center center","background-size":"auto","background-attachment":"scroll","background-type":"","background-media":"","overlay-type":"","overlay-color":"","overlay-opacity":"","overlay-gradient":""},"mobile":{"background-color":"var(--ast-global-color-5)","background-image":"","background-repeat":"repeat","background-position":"center center","background-size":"auto","background-attachment":"scroll","background-type":"","background-media":"","overlay-type":"","overlay-color":"","overlay-opacity":"","overlay-gradient":""}}},"product_brand":[],"product_cat":[127,122,125],"product_tag":[],"class_list":{"0":"post-2937","1":"product","2":"type-product","3":"status-publish","4":"has-post-thumbnail","6":"product_cat-pulover","7":"product_cat-ruhazat","8":"product_cat-utcai-ruhazat","9":"desktop-align-left","10":"tablet-align-left","11":"mobile-align-left","12":"ast-product-gallery-layout-horizontal-slider","13":"ast-magnify-disabled","14":"ast-product-single-variable","15":"ast-product-tabs-layout-accordion","17":"first","18":"instock","19":"taxable","20":"shipping-taxable","21":"purchasable","22":"product-type-variable"},"acf":[],"mb":[],"spectra_custom_meta":{"wp_statistics_words_count":["0"],"_hc_product_price_history":["a:3:{i:0;a:3:{i:0;s:19:\"2025-05-20 09:31:19\";i:1;i:0;i:2;i:14990;}i:1;a:3:{i:0;s:19:\"2025-04-27 11:15:53\";i:1;i:0;i:2;i:11990;}i:2;a:3:{i:0;s:19:\"2025-04-27 11:14:06\";i:1;i:0;i:2;i:0;}}"],"_product_attributes":["a:2:{s:5:\"sizes\";a:6:{s:4:\"name\";s:5:\"Sizes\";s:5:\"value\";s:25:\"XS | S | M | L | XL | XXL\";s:8:\"position\";i:0;s:10:\"is_visible\";i:0;s:12:\"is_variation\";i:1;s:11:\"is_taxonomy\";i:0;}s:8:\"material\";a:6:{s:4:\"name\";s:8:\"Material\";s:5:\"value\";s:26:\"80% pamut, 20% poli\u00e9szter\";s:8:\"position\";i:1;s:10:\"is_visible\";i:0;s:12:\"is_variation\";i:0;s:11:\"is_taxonomy\";i:0;}}"],"attr_label_translations":["a:1:{s:2:\"hu\";a:2:{s:5:\"sizes\";s:6:\"M\u00e9ret\";s:8:\"material\";s:5:\"Anyag\";}}"],"_wcml_average_rating":[null],"_wcml_review_count":[null],"_wcml_rating_count":[null],"_backorders":["no"],"_download_limit":["-1"],"_download_expiry":["-1"],"_downloadable":["no"],"_manage_stock":["yes"],"_sku":["TUSHDE001"],"_stock_status":["instock"],"_sold_individually":["no"],"_tax_class":[""],"_tax_status":["taxable"],"_virtual":["no"],"total_sales":["58"],"stick-header-meta":["default"],"site-sidebar-layout":["default"],"theme-transparent-header-meta":["default"],"ast-site-content-layout":["default"],"site-content-style":["default"],"site-sidebar-style":["default"],"_top_nav_excluded":[""],"_cms_nav_minihome":[""],"_downloadable_files":[""],"_default_attributes":["a:0:{}"],"_thumbnail_id":["2812"],"_product_image_gallery":["2814,2816,2818"],"_stock":["29.000000"],"_upsell_ids":["a:0:{}"],"_children":["a:0:{}"],"_wpml_word_count":["58"],"_last_translation_edit_mode":["translation-editor"],"_wc_average_rating":[0],"_wc_review_count":["0"],"_product_version":["10.3.8"],"astra_style_timestamp_css":["1775321831"],"_crosssell_ids":["a:0:{}"],"tus_size_chart_tab_content":["Zsombi 176 cm magas \u00e9s M-es m\u00e9retet visel, Erik 188 cm magas \u00e9s L-es m\u00e9retet hord."],"_edit_lock":["1752779392:1"],"_wc_facebook_sync_enabled":["yes"],"fb_visibility":["yes"],"_price":["14990"],"_uag_css_file_name":["uag-css-2937.css"],"_uag_js_file_name":["uag-js-2937.js"],"_wc_rating_count":[""]},"uagb_featured_image_src":{"full":["https:\/\/teamunitedshipping.hu\/wp-content\/uploads\/2025\/04\/webshop_ruha_hoodie_01_B__03772_ret.jpg",2400,2400,false],"thumbnail":["https:\/\/teamunitedshipping.hu\/wp-content\/uploads\/2025\/04\/webshop_ruha_hoodie_01_B__03772_ret-400x400.jpg",400,400,true],"medium":["https:\/\/teamunitedshipping.hu\/wp-content\/uploads\/2025\/04\/webshop_ruha_hoodie_01_B__03772_ret-700x700.jpg",700,700,true],"medium_large":["https:\/\/teamunitedshipping.hu\/wp-content\/uploads\/2025\/04\/webshop_ruha_hoodie_01_B__03772_ret-768x768.jpg",768,768,true],"large":["https:\/\/teamunitedshipping.hu\/wp-content\/uploads\/2025\/04\/webshop_ruha_hoodie_01_B__03772_ret-1280x1280.jpg",1280,1280,true],"1536x1536":["https:\/\/teamunitedshipping.hu\/wp-content\/uploads\/2025\/04\/webshop_ruha_hoodie_01_B__03772_ret-1536x1536.jpg",1536,1536,true],"2048x2048":["https:\/\/teamunitedshipping.hu\/wp-content\/uploads\/2025\/04\/webshop_ruha_hoodie_01_B__03772_ret-2048x2048.jpg",2048,2048,true],"woocommerce_thumbnail":["https:\/\/teamunitedshipping.hu\/wp-content\/uploads\/2025\/04\/webshop_ruha_hoodie_01_B__03772_ret-400x400.jpg",400,400,true],"woocommerce_single":["https:\/\/teamunitedshipping.hu\/wp-content\/uploads\/2025\/04\/webshop_ruha_hoodie_01_B__03772_ret-600x600.jpg",600,600,true],"woocommerce_gallery_thumbnail":["https:\/\/teamunitedshipping.hu\/wp-content\/uploads\/2025\/04\/webshop_ruha_hoodie_01_B__03772_ret-100x100.jpg",100,100,true]},"uagb_author_info":{"display_name":"Lippai Marcell","author_link":"https:\/\/teamunitedshipping.hu\/hu\/author\/"},"uagb_comment_info":0,"uagb_excerpt":"A klasszikus utcai pul\u00f3ver\u00fcnk imm\u00e1r b\u00e1rki sz\u00e1m\u00e1ra el\u00e9rhet\u0151! Mentaz\u00f6ld sz\u00ednben, el\u00f6l \u00e9s h\u00e1tul a h\u00edrhedt CD-lemezes grafik\u00e1val. Meleg\u00edt, ahogy a csapat lelk\u00e9t is felmeleg\u00edtik a \"sok sikert\" kommentek. 80% pamut, 20% poli\u00e9szter, \u00e9s teljesen veg\u00e1n (b\u00e1r tov\u00e1bbra sem aj\u00e1nljuk fogyaszt\u00e1sra).","mfb_rest_fields":["title","spectra_custom_meta","uagb_featured_image_src","uagb_author_info","uagb_comment_info","uagb_excerpt"],"_links":{"self":[{"href":"https:\/\/teamunitedshipping.hu\/hu\/wp-json\/wp\/v2\/product\/2937","targetHints":{"allow":["GET"]}}],"collection":[{"href":"https:\/\/teamunitedshipping.hu\/hu\/wp-json\/wp\/v2\/product"}],"about":[{"href":"https:\/\/teamunitedshipping.hu\/hu\/wp-json\/wp\/v2\/types\/product"}],"wp:featuredmedia":[{"embeddable":true,"href":"https:\/\/teamunitedshipping.hu\/hu\/wp-json\/wp\/v2\/media\/2812"}],"wp:attachment":[{"href":"https:\/\/teamunitedshipping.hu\/hu\/wp-json\/wp\/v2\/media?parent=2937"}],"wp:term":[{"taxonomy":"product_brand","embeddable":true,"href":"https:\/\/teamunitedshipping.hu\/hu\/wp-json\/wp\/v2\/product_brand?post=2937"},{"taxonomy":"product_cat","embeddable":true,"href":"https:\/\/teamunitedshipping.hu\/hu\/wp-json\/wp\/v2\/product_cat?post=2937"},{"taxonomy":"product_tag","embeddable":true,"href":"https:\/\/teamunitedshipping.hu\/hu\/wp-json\/wp\/v2\/product_tag?post=2937"}],"curies":[{"name":"wp","href":"https:\/\/api.w.org\/{rel}","templated":true}]}}